{"id":9463,"date":"2020-06-03T18:57:04","date_gmt":"2020-06-03T13:57:04","guid":{"rendered":"https:\/\/gruesjmfrancoe.wpengine.com\/our-projects\/"},"modified":"2025-08-22T22:39:32","modified_gmt":"2025-08-22T17:39:32","slug":"our-projects","status":"publish","type":"page","link":"https:\/\/gruesjmfrancoeur.com\/en\/our-projects\/","title":{"rendered":"Our Projects"},"content":{"rendered":"<div class=\"wpb-content-wrapper\"><p>[vc_row][vc_column]\t<div id=\"cd_space_69e11468bfa1e\" class=\"cd-space cd-space-69e11468bfa26 \" style=\"clear: both;;display: block;;--cd-space-desktop: 80px;--cd-space-tablet: 70px;--cd-space-portrait: 60px;--cd-space-mobile: 50px;--cd-space-mobile_portrait: 40px\"><\/div>\n\t[vc_masonry_media_grid gap=&#8221;10&#8243; item=&#8221;masonryMedia_SlideWithTitleAndCaption&#8221; grid_id=&#8221;vc_gid:1755884350903-163e825f-16ae-6&#8243; include=&#8221;9193,9191,9434,9177,9204,9309,8721,9175,9179,9195,7843,9202,9208,9206,9416&#8243;]\t<div id=\"cd_space_69e11468bfac9\" class=\"cd-space cd-space-69e11468bfacd \" style=\"clear: both;;display: block;;--cd-space-desktop: 80px;--cd-space-tablet: 70px;--cd-space-portrait: 60px;--cd-space-mobile: 50px;--cd-space-mobile_portrait: 40px\"><\/div>\n\t[\/vc_column][\/vc_row][vc_row disable_element=&#8221;yes&#8221;][vc_column]\t<div id=\"cd_space_69e11468bfb1c\" class=\"cd-space cd-space-69e11468bfb1f \" style=\"clear: both;;display: block;;--cd-space-desktop: 20px;--cd-space-tablet: 20px;--cd-space-portrait: 20px;--cd-space-mobile: 20px;--cd-space-mobile_portrait: 20px\"><\/div>\n\t[vc_row_inner][vc_column_inner width=&#8221;1\/2&#8243;]\t<div id=\"cd_feature_box_69e11468bfb79\" class=\"feature-box feature-border style-7  round-border box-hover no-image\">\n\t\t\t\t<div class=\"icon\">\n\t\t\t<i class=\"glyph-icon flaticon-cup-2\"><\/i>\n\t\t<\/div>\n\t\t<div class=\"content\">\n\t\t\t<a >\n\t\t\t\t\t\t\t\t\t<h6>Our mission<\/h6>\n\t\t\t\t\t\t\t\t<\/a>\n\t\t\t\t\t\t\t<p>Poursuivre la croissance de l\u2019entreprise en misant sur un service \u00e0 la client\u00e8le qui rencontre les plus hauts standards de qualit\u00e9, sur des produits extr\u00eamement s\u00e9curitaires, performants et novateurs et sur des \u00e9quipes de confiance, disponibles 24\/7, qui partagent les valeurs d\u2019int\u00e9grit\u00e9 et de respect.<\/p>\n\t\t\t\t\t\t<\/div>\n\t<\/div>\n\t[\/vc_column_inner][vc_column_inner width=&#8221;1\/2&#8243;][vc_masonry_grid post_type=&#8221;post&#8221; max_items=&#8221;10&#8243; element_width=&#8221;6&#8243; gap=&#8221;3&#8243; item=&#8221;masonryGrid_OverlayWithRotation&#8221; initial_loading_animation=&#8221;fadeIn&#8221; grid_id=&#8221;vc_gid:1755884350907-574a3db5-f234-8&#8243;]\t<div id=\"cd_feature_box_69e11468bfc1b\" class=\"feature-box feature-border style-7  round-border box-hover no-image\">\n\t\t\t\t<div class=\"icon\">\n\t\t\t<i class=\"glyph-icon flaticon-medal\"><\/i>\n\t\t<\/div>\n\t\t<div class=\"content\">\n\t\t\t<a >\n\t\t\t\t\t\t\t\t\t<h6>Notre vision<\/h6>\n\t\t\t\t\t\t\t\t<\/a>\n\t\t\t\t\t\t\t<p>\u00catre continuellement \u00e0 l\u2019aff\u00fbt des opportunit\u00e9s afin d\u2019\u00e9tendre les activit\u00e9s de l\u2019entreprise \u00e0 l\u2019\u00e9chelle internationale et implanter plusieurs bureaux de service \u00e0 l\u2019\u00e9tranger.<\/p>\n\t\t\t\t\t\t<\/div>\n\t<\/div>\n\t[\/vc_column_inner][\/vc_row_inner]\t<div id=\"cd_space_69e11468bfc70\" class=\"cd-space cd-space-69e11468bfc74 \" style=\"clear: both;;display: block;;--cd-space-desktop: 50px;--cd-space-tablet: 50px;--cd-space-portrait: 50px;--cd-space-mobile: 50px;--cd-space-mobile_portrait: 40px\"><\/div>\n\t[\/vc_column][\/vc_row][vc_row full_width=&#8221;stretch_row&#8221; css=&#8221;.vc_custom_1559231366204{background-image: url(https:\/\/gruesjmfrancoeur.com\/wp-content\/uploads\/2019\/05\/grues_jm_francoeur1.jpg?id=7806) !important;background-position: center !important;background-repeat: no-repeat !important;background-size: cover !important;}&#8221;][vc_column]\t<div id=\"cd_space_69e11468bfcb6\" class=\"cd-space cd-space-69e11468bfcb8 \" style=\"clear: both;;display: block;;--cd-space-desktop: 110px;--cd-space-tablet: 70px;--cd-space-portrait: 60px;--cd-space-mobile: 50px;--cd-space-mobile_portrait: 40px\"><\/div>\n\t[vc_single_image image=&#8221;7795&#8243; img_size=&#8221;full&#8221; alignment=&#8221;center&#8221;][vc_column_text]<\/p>\n<h2 style=\"text-align: center;\"><span style=\"color: #ffffff;\">OUR CRANES AT WORK<\/span><\/h2>\n<p>[\/vc_column_text]\t<div id=\"cd_space_69e11468bfcf6\" class=\"cd-space cd-space-69e11468bfcf8 \" style=\"clear: both;;display: block;;--cd-space-desktop: 300px;--cd-space-tablet: 300px;--cd-space-portrait: 300px;--cd-space-mobile: 200px;--cd-space-mobile_portrait: 200px\"><\/div>\n\t[\/vc_column][\/vc_row][vc_row css=&#8221;.vc_custom_1565634506121{margin-top: -250px !important;}&#8221;][vc_column][vc_video link=&#8221;https:\/\/www.youtube.com\/watch?v=VfeEyh6kOPI&#8221; align=&#8221;center&#8221;]\t<div id=\"cd_space_69e11468bfd3f\" class=\"cd-space cd-space-69e11468bfd41 \" style=\"clear: both;;display: block;;--cd-space-desktop: 50px;--cd-space-tablet: 50px;--cd-space-portrait: 40px;--cd-space-mobile: 30px;--cd-space-mobile_portrait: 20px\"><\/div>\n\t[\/vc_column][\/vc_row][vc_row full_width=&#8221;stretch_row_content_no_spaces&#8221;][vc_column css_animation=&#8221;slideInLeft&#8221; width=&#8221;1\/2&#8243; css=&#8221;.vc_custom_1559224902473{background-image: url(https:\/\/gruesjmfrancoeur.com\/wp-content\/uploads\/2019\/05\/gruesfrancoeur3.jpg?id=7729) !important;background-position: center !important;background-repeat: no-repeat !important;background-size: cover !important;}&#8221;]\t<div id=\"cd_space_69e11468bfd80\" class=\"cd-space cd-space-69e11468bfd83 \" style=\"clear: both;;display: block;;--cd-space-desktop: 50px;--cd-space-tablet: 40px;--cd-space-portrait: 40px;--cd-space-mobile: 30px;--cd-space-mobile_portrait: 20px\"><\/div>\n\t[vc_single_image image=&#8221;7795&#8243; img_size=&#8221;full&#8221; alignment=&#8221;center&#8221;][vc_column_text]<\/p>\n<h2 style=\"text-align: center;\"><span style=\"color: #ffffff;\">GRUES J.M. FRANCOEUR<\/span><\/h2>\n<p style=\"text-align: center;\"><span style=\"color: #ffffff;\">Discover a proudly local family-owned business!<\/span><\/p>\n<p>[\/vc_column_text]\t<div id=\"cd_space_69e11468bfdbd\" class=\"cd-space cd-space-69e11468bfdbf \" style=\"clear: both;;display: block;;--cd-space-desktop: 40px;--cd-space-tablet: 30px;--cd-space-portrait: 20px;--cd-space-mobile: 30px;--cd-space-mobile_portrait: 30px\"><\/div>\n\t[vc_btn title=&#8221;Learn more&#8221; shape=&#8221;square&#8221; color=&#8221;white&#8221; align=&#8221;center&#8221; link=&#8221;url:https%3A%2F%2Fgruesjmfrancoeur.com%2Fen%2Fabout-francoeur%2F|title:About&#8221;]\t<div id=\"cd_space_69e11468bfdf9\" class=\"cd-space cd-space-69e11468bfdfb \" style=\"clear: both;;display: block;;--cd-space-desktop: 50px;--cd-space-tablet: 40px;--cd-space-portrait: 40px;--cd-space-mobile: 30px;--cd-space-mobile_portrait: 20px\"><\/div>\n\t[\/vc_column][vc_column css_animation=&#8221;slideInRight&#8221; width=&#8221;1\/2&#8243; css=&#8221;.vc_custom_1559225257059{background-image: url(https:\/\/gruesjmfrancoeur.com\/wp-content\/uploads\/2019\/05\/gruesfrancoeur4.jpg?id=7728) !important;background-position: center !important;background-repeat: no-repeat !important;background-size: cover !important;}&#8221;]\t<div id=\"cd_space_69e11468bfe31\" class=\"cd-space cd-space-69e11468bfe34 \" style=\"clear: both;;display: block;;--cd-space-desktop: 50px;--cd-space-tablet: 40px;--cd-space-portrait: 40px;--cd-space-mobile: 30px;--cd-space-mobile_portrait: 20px\"><\/div>\n\t[vc_single_image image=&#8221;7795&#8243; img_size=&#8221;full&#8221; alignment=&#8221;center&#8221;][vc_column_text]<\/p>\n<h2 style=\"text-align: center;\"><span style=\"color: #ffffff;\">CONTACT US<\/span><\/h2>\n<p style=\"text-align: center;\"><span style=\"color: #ffffff;\">The answer to all your questions!<\/span><\/p>\n<p>[\/vc_column_text]\t<div id=\"cd_space_69e11468bfe6c\" class=\"cd-space cd-space-69e11468bfe6e \" style=\"clear: both;;display: block;;--cd-space-desktop: 40px;--cd-space-tablet: 30px;--cd-space-portrait: 20px;--cd-space-mobile: 30px;--cd-space-mobile_portrait: 30px\"><\/div>\n\t[vc_btn title=&#8221;Contact us&#8221; shape=&#8221;square&#8221; color=&#8221;white&#8221; align=&#8221;center&#8221; link=&#8221;url:https%3A%2F%2Fgruesjmfrancoeur.com%2Fen%2Fcontact%2F|title:Contact&#8221;]\t<div id=\"cd_space_69e11468bfea1\" class=\"cd-space cd-space-69e11468bfea3 \" style=\"clear: both;;display: block;;--cd-space-desktop: 50px;--cd-space-tablet: 40px;--cd-space-portrait: 40px;--cd-space-mobile: 30px;--cd-space-mobile_portrait: 20px\"><\/div>\n\t[\/vc_column][\/vc_row]<\/p>\n<\/div>","protected":false},"excerpt":{"rendered":"<p>[vc_row][vc_column][vc_masonry_media_grid gap=&#8221;10&#8243; item=&#8221;masonryMedia_SlideWithTitleAndCaption&#8221; grid_id=&#8221;vc_gid:1755884350903-163e825f-16ae-6&#8243; include=&#8221;9193,9191,9434,9177,9204,9309,8721,9175,9179,9195,7843,9202,9208,9206,9416&#8243;][\/vc_column][\/vc_row][vc_row disable_element=&#8221;yes&#8221;][vc_column][vc_row_inner][vc_column_inner width=&#8221;1\/2&#8243;][\/vc_column_inner][vc_column_inner width=&#8221;1\/2&#8243;][vc_masonry_grid post_type=&#8221;post&#8221; max_items=&#8221;10&#8243; element_width=&#8221;6&#8243; gap=&#8221;3&#8243; item=&#8221;masonryGrid_OverlayWithRotation&#8221; initial_loading_animation=&#8221;fadeIn&#8221; grid_id=&#8221;vc_gid:1755884350907-574a3db5-f234-8&#8243;][\/vc_column_inner][\/vc_row_inner][\/vc_column][\/vc_row][vc_row full_width=&#8221;stretch_row&#8221; css=&#8221;.vc_custom_1559231366204{background-image: url(https:\/\/gruesjmfrancoeur.com\/wp-content\/uploads\/2019\/05\/grues_jm_francoeur1.jpg?id=7806) !important;background-position: center !important;background-repeat: no-repeat !important;background-size: cover !important;}&#8221;][vc_column][vc_single_image image=&#8221;7795&#8243; img_size=&#8221;full&#8221; alignment=&#8221;center&#8221;][vc_column_text] OUR CRANES AT WORK [\/vc_column_text][\/vc_column][\/vc_row][vc_row css=&#8221;.vc_custom_1565634506121{margin-top: -250px !important;}&#8221;][vc_column][vc_video link=&#8221;https:\/\/www.youtube.com\/watch?v=VfeEyh6kOPI&#8221; align=&#8221;center&#8221;][\/vc_column][\/vc_row][vc_row full_width=&#8221;stretch_row_content_no_spaces&#8221;][vc_column css_animation=&#8221;slideInLeft&#8221; width=&#8221;1\/2&#8243; css=&#8221;.vc_custom_1559224902473{background-image: url(https:\/\/gruesjmfrancoeur.com\/wp-content\/uploads\/2019\/05\/gruesfrancoeur3.jpg?id=7729) !important;background-position: center !important;background-repeat: no-repeat !important;background-size: cover !important;}&#8221;][vc_single_image image=&#8221;7795&#8243; img_size=&#8221;full&#8221; alignment=&#8221;center&#8221;][vc_column_text] GRUES J.M. [&hellip;]<\/p>\n","protected":false},"author":1,"featured_media":0,"parent":0,"menu_order":0,"comment_status":"closed","ping_status":"closed","template":"templates\/page-vc_compatible.php","meta":{"_acf_changed":false,"footnotes":""},"class_list":["post-9463","page","type-page","status-publish","hentry"],"featured_image_src":null,"featured_image_src_square":null,"acf":[],"_links":{"self":[{"href":"https:\/\/gruesjmfrancoeur.com\/en\/wp-json\/wp\/v2\/pages\/9463","targetHints":{"allow":["GET"]}}],"collection":[{"href":"https:\/\/gruesjmfrancoeur.com\/en\/wp-json\/wp\/v2\/pages"}],"about":[{"href":"https:\/\/gruesjmfrancoeur.com\/en\/wp-json\/wp\/v2\/types\/page"}],"author":[{"embeddable":true,"href":"https:\/\/gruesjmfrancoeur.com\/en\/wp-json\/wp\/v2\/users\/1"}],"replies":[{"embeddable":true,"href":"https:\/\/gruesjmfrancoeur.com\/en\/wp-json\/wp\/v2\/comments?post=9463"}],"version-history":[{"count":0,"href":"https:\/\/gruesjmfrancoeur.com\/en\/wp-json\/wp\/v2\/pages\/9463\/revisions"}],"wp:attachment":[{"href":"https:\/\/gruesjmfrancoeur.com\/en\/wp-json\/wp\/v2\/media?parent=9463"}],"curies":[{"name":"wp","href":"https:\/\/api.w.org\/{rel}","templated":true}]}}